{"id":543,"date":"2025-03-24T09:04:28","date_gmt":"2025-03-24T09:04:28","guid":{"rendered":"https:\/\/argunsan.com\/?post_type=product&#038;p=543"},"modified":"2026-04-08T01:34:56","modified_gmt":"2026-04-08T01:34:56","slug":"ar-wfu-2400","status":"publish","type":"product","link":"https:\/\/argunsan.com\/en\/product\/ar-wfu-2400\/","title":{"rendered":"AR-WFU-2400"},"content":{"rendered":"","protected":false},"excerpt":{"rendered":"<p style=\"font-size: 17px;\"><strong>Bilgi: <\/strong>AR-WFU-2400 Kaynak Duman Emi\u015f Makinas\u0131 ayn\u0131 anda iki adet kaynak makinas\u0131ndan \u00e7\u0131kan duman\u0131n emi\u015fi i\u00e7in yeterlidir.<br \/>\nMetal sekt\u00f6r\u00fcnde kullan\u0131lan t\u00fcm kaynak makinalar\u0131ndan \u00e7\u0131kan duman\u0131 emerek, sa\u011fl\u0131kl\u0131 \u00e7al\u0131\u015fma ortamlar\u0131 sa\u011flar ve \u00e7al\u0131\u015fan sa\u011fl\u0131\u011f\u0131n\u0131\u00a0korur.<\/p>","protected":false},"featured_media":554,"comment_status":"open","ping_status":"closed","template":"","meta":[],"product_brand":[],"product_cat":[24],"product_tag":[],"class_list":{"0":"post-543","1":"product","2":"type-product","3":"status-publish","4":"has-post-thumbnail","6":"product_cat-kaynak-duman-emis-sistemleri","8":"first","9":"instock","10":"shipping-taxable","11":"product-type-simple"},"_links":{"self":[{"href":"https:\/\/argunsan.com\/en\/wp-json\/wp\/v2\/product\/543","targetHints":{"allow":["GET"]}}],"collection":[{"href":"https:\/\/argunsan.com\/en\/wp-json\/wp\/v2\/product"}],"about":[{"href":"https:\/\/argunsan.com\/en\/wp-json\/wp\/v2\/types\/product"}],"replies":[{"embeddable":true,"href":"https:\/\/argunsan.com\/en\/wp-json\/wp\/v2\/comments?post=543"}],"wp:featuredmedia":[{"embeddable":true,"href":"https:\/\/argunsan.com\/en\/wp-json\/wp\/v2\/media\/554"}],"wp:attachment":[{"href":"https:\/\/argunsan.com\/en\/wp-json\/wp\/v2\/media?parent=543"}],"wp:term":[{"taxonomy":"product_brand","embeddable":true,"href":"https:\/\/argunsan.com\/en\/wp-json\/wp\/v2\/product_brand?post=543"},{"taxonomy":"product_cat","embeddable":true,"href":"https:\/\/argunsan.com\/en\/wp-json\/wp\/v2\/product_cat?post=543"},{"taxonomy":"product_tag","embeddable":true,"href":"https:\/\/argunsan.com\/en\/wp-json\/wp\/v2\/product_tag?post=543"}],"curies":[{"name":"wp","href":"https:\/\/api.w.org\/{rel}","templated":true}]}}