{"id":143,"date":"2024-01-08T02:20:32","date_gmt":"2024-01-08T02:20:32","guid":{"rendered":"https:\/\/argunsan.com\/?post_type=product&#038;p=143"},"modified":"2025-12-22T00:36:42","modified_gmt":"2025-12-22T00:36:42","slug":"arg-4050-capalama","status":"publish","type":"product","link":"https:\/\/argunsan.com\/en\/product\/arg-4050-capalama\/","title":{"rendered":"ARG &#8211; 4050 \u00c7apalama"},"content":{"rendered":"","protected":false},"excerpt":{"rendered":"<p>TEK KAFA, bodur, yar\u0131 bodur ve klasik meyve a\u011fa\u00e7 aralar\u0131n\u0131 tek y\u00f6nl\u00fc \u00e7apalamak i\u00e7in ideal bir makine olup a\u011fa\u00e7 aralar\u0131na 45cm girip \u00e7\u0131kabilen, arazideki i\u015f\u00e7ili\u011fi en aza indiren ekonomik bir makinedir.<\/p>","protected":false},"featured_media":472,"comment_status":"open","ping_status":"closed","template":"","meta":[],"product_brand":[],"product_cat":[20],"product_tag":[],"class_list":{"0":"post-143","1":"product","2":"type-product","3":"status-publish","4":"has-post-thumbnail","6":"product_cat-arg-tarim","8":"first","9":"instock","10":"shipping-taxable","11":"product-type-simple"},"_links":{"self":[{"href":"https:\/\/argunsan.com\/en\/wp-json\/wp\/v2\/product\/143","targetHints":{"allow":["GET"]}}],"collection":[{"href":"https:\/\/argunsan.com\/en\/wp-json\/wp\/v2\/product"}],"about":[{"href":"https:\/\/argunsan.com\/en\/wp-json\/wp\/v2\/types\/product"}],"replies":[{"embeddable":true,"href":"https:\/\/argunsan.com\/en\/wp-json\/wp\/v2\/comments?post=143"}],"wp:featuredmedia":[{"embeddable":true,"href":"https:\/\/argunsan.com\/en\/wp-json\/wp\/v2\/media\/472"}],"wp:attachment":[{"href":"https:\/\/argunsan.com\/en\/wp-json\/wp\/v2\/media?parent=143"}],"wp:term":[{"taxonomy":"product_brand","embeddable":true,"href":"https:\/\/argunsan.com\/en\/wp-json\/wp\/v2\/product_brand?post=143"},{"taxonomy":"product_cat","embeddable":true,"href":"https:\/\/argunsan.com\/en\/wp-json\/wp\/v2\/product_cat?post=143"},{"taxonomy":"product_tag","embeddable":true,"href":"https:\/\/argunsan.com\/en\/wp-json\/wp\/v2\/product_tag?post=143"}],"curies":[{"name":"wp","href":"https:\/\/api.w.org\/{rel}","templated":true}]}}