{"id":142,"date":"2024-01-08T02:20:04","date_gmt":"2024-01-08T02:20:04","guid":{"rendered":"https:\/\/argunsan.com\/?post_type=product&#038;p=142"},"modified":"2025-10-23T12:46:57","modified_gmt":"2025-10-23T12:46:57","slug":"arg-leopar-10","status":"publish","type":"product","link":"https:\/\/argunsan.com\/en\/product\/arg-leopar-10\/","title":{"rendered":"ARG LEOPAR 10"},"content":{"rendered":"","protected":false},"excerpt":{"rendered":"<p>&nbsp;<\/p>\n<div id=\"SITE_PAGES\" class=\"JshATs SITE_PAGES\" data-page-transition=\"none\">\n<div id=\"enslp\" class=\"dBAkHi enslp\">\n<div class=\"HT5ybB\">\n<div id=\"Containerenslp\" class=\"Containerenslp SPY_vo\">\n<div class=\"\" data-mesh-id=\"ContainerenslpinlineContent\" data-testid=\"inline-content\">\n<div data-mesh-id=\"ContainerenslpinlineContent-gridContainer\" data-testid=\"mesh-container-content\">\n<div id=\"comp-kkv3smjg\" class=\"BaOVQ8 tz5f0K comp-kkv3smjg wixui-rich-text\" data-testid=\"richTextElement\">\n<p class=\"font_0 wixui-rich-text__text\"><strong>ARG LEOPAR 10<\/strong> \u00e7ift tarafl\u0131 kullan\u0131labilen elekli dal par\u00e7alay\u0131c\u0131d\u0131r. 10 cm kal\u0131nl\u0131kta dallar\u0131 rahatl\u0131kla par\u00e7alayabilmektedir. K\u0131rlang\u0131\u00e7 b\u0131\u00e7ak ve \u00e7eki\u00e7 b\u0131\u00e7ak kullan\u0131labilmektedir.<\/p>\n<\/div>\n<\/div>\n<\/div>\n<\/div>\n<\/div>\n<\/div>\n<\/div>\n<p>&nbsp;<\/p>\n<footer id=\"SITE_FOOTER_WRAPPER\" class=\"SITE_FOOTER_WRAPPER\" tabindex=\"-1\">\n<div id=\"SITE_FOOTER\" class=\"xU8fqS SITE_FOOTER wixui-footer\" tabindex=\"-1\">\n<p class=\"_C0cVf\">\n<\/div>\n<\/footer>","protected":false},"featured_media":479,"comment_status":"open","ping_status":"closed","template":"","meta":[],"product_brand":[],"product_cat":[20],"product_tag":[],"class_list":{"0":"post-142","1":"product","2":"type-product","3":"status-publish","4":"has-post-thumbnail","6":"product_cat-arg-tarim","8":"first","9":"instock","10":"shipping-taxable","11":"product-type-simple"},"_links":{"self":[{"href":"https:\/\/argunsan.com\/en\/wp-json\/wp\/v2\/product\/142","targetHints":{"allow":["GET"]}}],"collection":[{"href":"https:\/\/argunsan.com\/en\/wp-json\/wp\/v2\/product"}],"about":[{"href":"https:\/\/argunsan.com\/en\/wp-json\/wp\/v2\/types\/product"}],"replies":[{"embeddable":true,"href":"https:\/\/argunsan.com\/en\/wp-json\/wp\/v2\/comments?post=142"}],"wp:featuredmedia":[{"embeddable":true,"href":"https:\/\/argunsan.com\/en\/wp-json\/wp\/v2\/media\/479"}],"wp:attachment":[{"href":"https:\/\/argunsan.com\/en\/wp-json\/wp\/v2\/media?parent=142"}],"wp:term":[{"taxonomy":"product_brand","embeddable":true,"href":"https:\/\/argunsan.com\/en\/wp-json\/wp\/v2\/product_brand?post=142"},{"taxonomy":"product_cat","embeddable":true,"href":"https:\/\/argunsan.com\/en\/wp-json\/wp\/v2\/product_cat?post=142"},{"taxonomy":"product_tag","embeddable":true,"href":"https:\/\/argunsan.com\/en\/wp-json\/wp\/v2\/product_tag?post=142"}],"curies":[{"name":"wp","href":"https:\/\/api.w.org\/{rel}","templated":true}]}}