{"id":141,"date":"2024-01-08T02:19:47","date_gmt":"2024-01-08T02:19:47","guid":{"rendered":"https:\/\/argunsan.com\/?post_type=product&#038;p=141"},"modified":"2025-10-26T03:44:00","modified_gmt":"2025-10-26T03:44:00","slug":"arg-leopar-9","status":"publish","type":"product","link":"https:\/\/argunsan.com\/en\/product\/arg-leopar-9\/","title":{"rendered":"ARG LEOPAR 9"},"content":{"rendered":"","protected":false},"excerpt":{"rendered":"<p><strong>ARG LEOPAR 9<\/strong> \u00e7ok ama\u00e7l\u0131 ot ve sap par\u00e7alay\u0131c\u0131d\u0131r. Orta boyutta budama art\u0131klar\u0131 (6cm), ot, m\u0131s\u0131r, hububat an\u0131zlar\u0131n\u0131n par\u00e7alanmas\u0131nda rahatl\u0131kla kullan\u0131labilmektedir.<\/p>","protected":false},"featured_media":465,"comment_status":"open","ping_status":"closed","template":"","meta":[],"product_brand":[],"product_cat":[20],"product_tag":[],"class_list":{"0":"post-141","1":"product","2":"type-product","3":"status-publish","4":"has-post-thumbnail","6":"product_cat-arg-tarim","8":"first","9":"instock","10":"shipping-taxable","11":"product-type-simple"},"_links":{"self":[{"href":"https:\/\/argunsan.com\/en\/wp-json\/wp\/v2\/product\/141","targetHints":{"allow":["GET"]}}],"collection":[{"href":"https:\/\/argunsan.com\/en\/wp-json\/wp\/v2\/product"}],"about":[{"href":"https:\/\/argunsan.com\/en\/wp-json\/wp\/v2\/types\/product"}],"replies":[{"embeddable":true,"href":"https:\/\/argunsan.com\/en\/wp-json\/wp\/v2\/comments?post=141"}],"wp:featuredmedia":[{"embeddable":true,"href":"https:\/\/argunsan.com\/en\/wp-json\/wp\/v2\/media\/465"}],"wp:attachment":[{"href":"https:\/\/argunsan.com\/en\/wp-json\/wp\/v2\/media?parent=141"}],"wp:term":[{"taxonomy":"product_brand","embeddable":true,"href":"https:\/\/argunsan.com\/en\/wp-json\/wp\/v2\/product_brand?post=141"},{"taxonomy":"product_cat","embeddable":true,"href":"https:\/\/argunsan.com\/en\/wp-json\/wp\/v2\/product_cat?post=141"},{"taxonomy":"product_tag","embeddable":true,"href":"https:\/\/argunsan.com\/en\/wp-json\/wp\/v2\/product_tag?post=141"}],"curies":[{"name":"wp","href":"https:\/\/api.w.org\/{rel}","templated":true}]}}