{"id":140,"date":"2024-01-08T02:19:19","date_gmt":"2024-01-08T02:19:19","guid":{"rendered":"https:\/\/argunsan.com\/?post_type=product&#038;p=140"},"modified":"2026-03-13T01:21:44","modified_gmt":"2026-03-13T01:21:44","slug":"arg-akrep-7","status":"publish","type":"product","link":"https:\/\/argunsan.com\/en\/product\/arg-akrep-7\/","title":{"rendered":"ARG AKREP 7"},"content":{"rendered":"","protected":false},"excerpt":{"rendered":"<p class=\"font_0 wixui-rich-text__text\">klasik bodur ve yar\u0131 bodur meyve a\u011fa\u00e7lar\u0131n\u0131 \u00e7apalamak i\u00e7in ideal bir makine olup, a\u011fa\u00e7 aras\u0131na 45cm girip \u00e7\u0131kabilen, arazideki i\u015f\u00e7iye dayal\u0131 g\u00fcc\u00fc en aza indiren bir makinedir. Sulama \u00f6ncesi a\u011fa\u00e7 diplerini kabartarak i\u015flevi kolayla\u015ft\u0131r\u0131r. Toplu alanlarda 9 saatte 35 d\u00f6n\u00fcml\u00fck araziyi \u00e7apalayabilmektedir.<\/p>","protected":false},"featured_media":459,"comment_status":"open","ping_status":"closed","template":"","meta":[],"product_brand":[],"product_cat":[20],"product_tag":[],"class_list":{"0":"post-140","1":"product","2":"type-product","3":"status-publish","4":"has-post-thumbnail","6":"product_cat-arg-tarim","8":"first","9":"instock","10":"shipping-taxable","11":"product-type-simple"},"_links":{"self":[{"href":"https:\/\/argunsan.com\/en\/wp-json\/wp\/v2\/product\/140","targetHints":{"allow":["GET"]}}],"collection":[{"href":"https:\/\/argunsan.com\/en\/wp-json\/wp\/v2\/product"}],"about":[{"href":"https:\/\/argunsan.com\/en\/wp-json\/wp\/v2\/types\/product"}],"replies":[{"embeddable":true,"href":"https:\/\/argunsan.com\/en\/wp-json\/wp\/v2\/comments?post=140"}],"wp:featuredmedia":[{"embeddable":true,"href":"https:\/\/argunsan.com\/en\/wp-json\/wp\/v2\/media\/459"}],"wp:attachment":[{"href":"https:\/\/argunsan.com\/en\/wp-json\/wp\/v2\/media?parent=140"}],"wp:term":[{"taxonomy":"product_brand","embeddable":true,"href":"https:\/\/argunsan.com\/en\/wp-json\/wp\/v2\/product_brand?post=140"},{"taxonomy":"product_cat","embeddable":true,"href":"https:\/\/argunsan.com\/en\/wp-json\/wp\/v2\/product_cat?post=140"},{"taxonomy":"product_tag","embeddable":true,"href":"https:\/\/argunsan.com\/en\/wp-json\/wp\/v2\/product_tag?post=140"}],"curies":[{"name":"wp","href":"https:\/\/api.w.org\/{rel}","templated":true}]}}