{"id":137,"date":"2024-01-08T02:17:59","date_gmt":"2024-01-08T02:17:59","guid":{"rendered":"https:\/\/argunsan.com\/?post_type=product&#038;p=137"},"modified":"2025-10-31T21:38:01","modified_gmt":"2025-10-31T21:38:01","slug":"arg-platform-p600x","status":"publish","type":"product","link":"https:\/\/argunsan.com\/en\/product\/arg-platform-p600x\/","title":{"rendered":"ARG Platform P600x"},"content":{"rendered":"","protected":false},"excerpt":{"rendered":"<p>1- Meyve bah\u00e7elerinde a\u011fa\u00e7 budama veya meyve \u00f6zelli\u011fi<br \/>\n2- Sera i\u00e7lerinde y\u00fcksek noktalara ula\u015f\u0131r<br \/>\n3- Bodur bah\u00e7elerde file montaj\u0131 ve tamiri.<br \/>\n4- 8 saatlik \u015farj ile arazide 5 saat s\u00fcrekli \u00e7al\u0131\u015fma kapasitesi<br \/>\n5- Yerden 3.20 cm y\u00fckselip 5.20 cm y\u00fcksekli\u011fe m\u00fcdahale edilir<br \/>\n6- Ula\u015f\u0131lmas\u0131 zor noktalara ula\u015f\u0131r ve bulundu\u011fu noktada ileri-geri , sa\u011f-sol veya yukar\u0131 a\u015fa\u011f\u0131 hareketleri<br \/>\n7- Sistemde konumland\u0131r\u0131lm\u0131\u015f \u00e7ok fonksiyonlu joystick kol operat\u00f6r makinay\u0131 istedi\u011fi noktaya ta\u015f\u0131yabilmektedir.<br \/>\n8- \u015earj ve ar\u0131za bilgisi g\u00f6sterir.<\/p>","protected":false},"featured_media":145,"comment_status":"open","ping_status":"closed","template":"","meta":[],"product_brand":[],"product_cat":[20],"product_tag":[],"class_list":{"0":"post-137","1":"product","2":"type-product","3":"status-publish","4":"has-post-thumbnail","6":"product_cat-arg-tarim","8":"first","9":"instock","10":"shipping-taxable","11":"product-type-simple"},"_links":{"self":[{"href":"https:\/\/argunsan.com\/en\/wp-json\/wp\/v2\/product\/137","targetHints":{"allow":["GET"]}}],"collection":[{"href":"https:\/\/argunsan.com\/en\/wp-json\/wp\/v2\/product"}],"about":[{"href":"https:\/\/argunsan.com\/en\/wp-json\/wp\/v2\/types\/product"}],"replies":[{"embeddable":true,"href":"https:\/\/argunsan.com\/en\/wp-json\/wp\/v2\/comments?post=137"}],"wp:featuredmedia":[{"embeddable":true,"href":"https:\/\/argunsan.com\/en\/wp-json\/wp\/v2\/media\/145"}],"wp:attachment":[{"href":"https:\/\/argunsan.com\/en\/wp-json\/wp\/v2\/media?parent=137"}],"wp:term":[{"taxonomy":"product_brand","embeddable":true,"href":"https:\/\/argunsan.com\/en\/wp-json\/wp\/v2\/product_brand?post=137"},{"taxonomy":"product_cat","embeddable":true,"href":"https:\/\/argunsan.com\/en\/wp-json\/wp\/v2\/product_cat?post=137"},{"taxonomy":"product_tag","embeddable":true,"href":"https:\/\/argunsan.com\/en\/wp-json\/wp\/v2\/product_tag?post=137"}],"curies":[{"name":"wp","href":"https:\/\/api.w.org\/{rel}","templated":true}]}}