{"id":480,"date":"2024-01-10T14:33:20","date_gmt":"2024-01-10T14:33:20","guid":{"rendered":"https:\/\/argunsan.com\/?page_id=480"},"modified":"2024-01-23T09:35:28","modified_gmt":"2024-01-23T09:35:28","slug":"e-katalog","status":"publish","type":"page","link":"https:\/\/argunsan.com\/en\/e-katalog\/","title":{"rendered":"E-Catalog"},"content":{"rendered":"<div class=\"wpb-content-wrapper\"><div class=\"vc_row wpb_row vc_row-fluid\"><div class=\"wpb_column vc_column_container vc_col-sm-3\"><div class=\"vc_column-inner\"><div class=\"wpb_wrapper\">\n\t<div  class=\"wpb_single_image wpb_content_element vc_align_center\">\n\t\t\n\t\t<figure class=\"wpb_wrapper vc_figure\">\n\t\t\t<div class=\"vc_single_image-wrapper   vc_box_border_grey\"><img loading=\"lazy\" decoding=\"async\" width=\"2480\" height=\"3508\" src=\"https:\/\/argunsan.com\/wp-content\/uploads\/2024\/01\/argunsan-toz-katalog.png\" class=\"vc_single_image-img attachment-full\" alt=\"\" title=\"argunsan-toz-katalog\" srcset=\"https:\/\/argunsan.com\/wp-content\/uploads\/2024\/01\/argunsan-toz-katalog.png 2480w, https:\/\/argunsan.com\/wp-content\/uploads\/2024\/01\/argunsan-toz-katalog-212x300.png 212w, https:\/\/argunsan.com\/wp-content\/uploads\/2024\/01\/argunsan-toz-katalog-724x1024.png 724w, https:\/\/argunsan.com\/wp-content\/uploads\/2024\/01\/argunsan-toz-katalog-768x1086.png 768w, https:\/\/argunsan.com\/wp-content\/uploads\/2024\/01\/argunsan-toz-katalog-1086x1536.png 1086w, https:\/\/argunsan.com\/wp-content\/uploads\/2024\/01\/argunsan-toz-katalog-1448x2048.png 1448w, https:\/\/argunsan.com\/wp-content\/uploads\/2024\/01\/argunsan-toz-katalog-8x12.png 8w, https:\/\/argunsan.com\/wp-content\/uploads\/2024\/01\/argunsan-toz-katalog-1200x1697.png 1200w, https:\/\/argunsan.com\/wp-content\/uploads\/2024\/01\/argunsan-toz-katalog-150x212.png 150w\" sizes=\"auto, (max-width: 2480px) 100vw, 2480px\" \/><\/div>\n\t\t<\/figure>\n\t<\/div>\n\n\t<div class=\"wpb_text_column wpb_content_element\" >\n\t\t<div class=\"wpb_wrapper\">\n\t\t\t<h3 style=\"text-align: center;\">Arg\u00fcsan Toz Toplama<br \/>\nSistemleri Katalog<\/h3>\n<p style=\"text-align: center;\"><a href=\"https:\/\/argunsan.com\/wp-content\/uploads\/2024\/01\/toz-toplama-turkce-katalog.pdf\">Download PDF<\/a><\/p>\n\n\t\t<\/div>\n\t<\/div>\n<\/div><\/div><\/div><div class=\"wpb_column vc_column_container vc_col-sm-3\"><div class=\"vc_column-inner\"><div class=\"wpb_wrapper\">\n\t<div  class=\"wpb_single_image wpb_content_element vc_align_center\">\n\t\t\n\t\t<figure class=\"wpb_wrapper vc_figure\">\n\t\t\t<div class=\"vc_single_image-wrapper   vc_box_border_grey\"><img loading=\"lazy\" decoding=\"async\" width=\"2480\" height=\"3508\" src=\"https:\/\/argunsan.com\/wp-content\/uploads\/2024\/01\/argunsan-ingilizce-toz-katalog.png\" class=\"vc_single_image-img attachment-full\" alt=\"\" title=\"argunsan-ingilizce-toz-katalog\" srcset=\"https:\/\/argunsan.com\/wp-content\/uploads\/2024\/01\/argunsan-ingilizce-toz-katalog.png 2480w, https:\/\/argunsan.com\/wp-content\/uploads\/2024\/01\/argunsan-ingilizce-toz-katalog-212x300.png 212w, https:\/\/argunsan.com\/wp-content\/uploads\/2024\/01\/argunsan-ingilizce-toz-katalog-724x1024.png 724w, https:\/\/argunsan.com\/wp-content\/uploads\/2024\/01\/argunsan-ingilizce-toz-katalog-768x1086.png 768w, https:\/\/argunsan.com\/wp-content\/uploads\/2024\/01\/argunsan-ingilizce-toz-katalog-1086x1536.png 1086w, https:\/\/argunsan.com\/wp-content\/uploads\/2024\/01\/argunsan-ingilizce-toz-katalog-1448x2048.png 1448w, https:\/\/argunsan.com\/wp-content\/uploads\/2024\/01\/argunsan-ingilizce-toz-katalog-8x12.png 8w, https:\/\/argunsan.com\/wp-content\/uploads\/2024\/01\/argunsan-ingilizce-toz-katalog-1200x1697.png 1200w, https:\/\/argunsan.com\/wp-content\/uploads\/2024\/01\/argunsan-ingilizce-toz-katalog-150x212.png 150w\" sizes=\"auto, (max-width: 2480px) 100vw, 2480px\" \/><\/div>\n\t\t<\/figure>\n\t<\/div>\n\n\t<div class=\"wpb_text_column wpb_content_element\" >\n\t\t<div class=\"wpb_wrapper\">\n\t\t\t<h3 style=\"text-align: center;\">Arg\u00fcnsan Dust Collection<br \/>\nSystems Catalog<\/h3>\n<p style=\"text-align: center;\"><a href=\"https:\/\/argunsan.com\/wp-content\/uploads\/2024\/01\/dust-collection-english-catalog.pdf\">Download PDF<\/a><\/p>\n\n\t\t<\/div>\n\t<\/div>\n<\/div><\/div><\/div><div class=\"wpb_column vc_column_container vc_col-sm-3\"><div class=\"vc_column-inner\"><div class=\"wpb_wrapper\">\n\t<div  class=\"wpb_single_image wpb_content_element vc_align_center\">\n\t\t\n\t\t<figure class=\"wpb_wrapper vc_figure\">\n\t\t\t<div class=\"vc_single_image-wrapper   vc_box_border_grey\"><img loading=\"lazy\" decoding=\"async\" width=\"2480\" height=\"3508\" src=\"https:\/\/argunsan.com\/wp-content\/uploads\/2024\/01\/arg-tarim-katalog.png\" class=\"vc_single_image-img attachment-full\" alt=\"\" title=\"arg-tarim-katalog\" srcset=\"https:\/\/argunsan.com\/wp-content\/uploads\/2024\/01\/arg-tarim-katalog.png 2480w, https:\/\/argunsan.com\/wp-content\/uploads\/2024\/01\/arg-tarim-katalog-212x300.png 212w, https:\/\/argunsan.com\/wp-content\/uploads\/2024\/01\/arg-tarim-katalog-724x1024.png 724w, https:\/\/argunsan.com\/wp-content\/uploads\/2024\/01\/arg-tarim-katalog-768x1086.png 768w, https:\/\/argunsan.com\/wp-content\/uploads\/2024\/01\/arg-tarim-katalog-1086x1536.png 1086w, https:\/\/argunsan.com\/wp-content\/uploads\/2024\/01\/arg-tarim-katalog-1448x2048.png 1448w, https:\/\/argunsan.com\/wp-content\/uploads\/2024\/01\/arg-tarim-katalog-8x12.png 8w, https:\/\/argunsan.com\/wp-content\/uploads\/2024\/01\/arg-tarim-katalog-1200x1697.png 1200w, https:\/\/argunsan.com\/wp-content\/uploads\/2024\/01\/arg-tarim-katalog-150x212.png 150w\" sizes=\"auto, (max-width: 2480px) 100vw, 2480px\" \/><\/div>\n\t\t<\/figure>\n\t<\/div>\n\n\t<div class=\"wpb_text_column wpb_content_element\" >\n\t\t<div class=\"wpb_wrapper\">\n\t\t\t<h3 style=\"text-align: center;\">ARG Agriculture<br \/>\nKatalog<\/h3>\n<p style=\"text-align: center;\"><a href=\"https:\/\/argunsan.com\/wp-content\/uploads\/2024\/01\/ARG-Tarim-2021-Katalog.pdf\">Download PDF<\/a><\/p>\n\n\t\t<\/div>\n\t<\/div>\n<\/div><\/div><\/div><div class=\"wpb_column vc_column_container vc_col-sm-3\"><div class=\"vc_column-inner\"><div class=\"wpb_wrapper\">\n\t<div  class=\"wpb_single_image wpb_content_element vc_align_center\">\n\t\t\n\t\t<figure class=\"wpb_wrapper vc_figure\">\n\t\t\t<div class=\"vc_single_image-wrapper   vc_box_border_grey\"><img loading=\"lazy\" decoding=\"async\" width=\"2480\" height=\"3508\" src=\"https:\/\/argunsan.com\/wp-content\/uploads\/2024\/01\/arg-tarim-ingilizce.png\" class=\"vc_single_image-img attachment-full\" alt=\"\" title=\"arg-tarim-ingilizce\" srcset=\"https:\/\/argunsan.com\/wp-content\/uploads\/2024\/01\/arg-tarim-ingilizce.png 2480w, https:\/\/argunsan.com\/wp-content\/uploads\/2024\/01\/arg-tarim-ingilizce-212x300.png 212w, https:\/\/argunsan.com\/wp-content\/uploads\/2024\/01\/arg-tarim-ingilizce-724x1024.png 724w, https:\/\/argunsan.com\/wp-content\/uploads\/2024\/01\/arg-tarim-ingilizce-768x1086.png 768w, https:\/\/argunsan.com\/wp-content\/uploads\/2024\/01\/arg-tarim-ingilizce-1086x1536.png 1086w, https:\/\/argunsan.com\/wp-content\/uploads\/2024\/01\/arg-tarim-ingilizce-1448x2048.png 1448w, https:\/\/argunsan.com\/wp-content\/uploads\/2024\/01\/arg-tarim-ingilizce-8x12.png 8w, https:\/\/argunsan.com\/wp-content\/uploads\/2024\/01\/arg-tarim-ingilizce-1200x1697.png 1200w, https:\/\/argunsan.com\/wp-content\/uploads\/2024\/01\/arg-tarim-ingilizce-150x212.png 150w\" sizes=\"auto, (max-width: 2480px) 100vw, 2480px\" \/><\/div>\n\t\t<\/figure>\n\t<\/div>\n\n\t<div class=\"wpb_text_column wpb_content_element\" >\n\t\t<div class=\"wpb_wrapper\">\n\t\t\t<h3 style=\"text-align: center;\">ARG Agriculture<br \/>\nCatalog<\/h3>\n<p style=\"text-align: center;\"><a href=\"https:\/\/argunsan.com\/wp-content\/uploads\/2024\/01\/ARG-Agriculture-2021-Catalog.pdf\">Download PDF<\/a><\/p>\n\n\t\t<\/div>\n\t<\/div>\n<\/div><\/div><\/div><\/div>\n<\/div>","protected":false},"excerpt":{"rendered":"Arg\u00fcsan Toz Toplama Sistemleri Katalog PDF \u0130ndir Arg\u00fcnsan Dust Collection Systems Catalog PDF \u0130ndir ARG Tar\u0131m Katalog PDF \u0130ndir ARG","protected":false},"author":1,"featured_media":0,"parent":0,"menu_order":0,"comment_status":"closed","ping_status":"closed","template":"","meta":{"footnotes":""},"class_list":["post-480","page","type-page","status-publish","hentry"],"_links":{"self":[{"href":"https:\/\/argunsan.com\/en\/wp-json\/wp\/v2\/pages\/480","targetHints":{"allow":["GET"]}}],"collection":[{"href":"https:\/\/argunsan.com\/en\/wp-json\/wp\/v2\/pages"}],"about":[{"href":"https:\/\/argunsan.com\/en\/wp-json\/wp\/v2\/types\/page"}],"author":[{"embeddable":true,"href":"https:\/\/argunsan.com\/en\/wp-json\/wp\/v2\/users\/1"}],"replies":[{"embeddable":true,"href":"https:\/\/argunsan.com\/en\/wp-json\/wp\/v2\/comments?post=480"}],"version-history":[{"count":7,"href":"https:\/\/argunsan.com\/en\/wp-json\/wp\/v2\/pages\/480\/revisions"}],"predecessor-version":[{"id":530,"href":"https:\/\/argunsan.com\/en\/wp-json\/wp\/v2\/pages\/480\/revisions\/530"}],"wp:attachment":[{"href":"https:\/\/argunsan.com\/en\/wp-json\/wp\/v2\/media?parent=480"}],"curies":[{"name":"wp","href":"https:\/\/api.w.org\/{rel}","templated":true}]}}