{"id":33,"date":"2024-01-06T14:46:06","date_gmt":"2024-01-06T14:46:06","guid":{"rendered":"https:\/\/argunsan.com\/?page_id=33"},"modified":"2024-01-08T04:22:42","modified_gmt":"2024-01-08T04:22:42","slug":"servis-destek","status":"publish","type":"page","link":"https:\/\/argunsan.com\/en\/servis-destek\/","title":{"rendered":"Service Support"},"content":{"rendered":"<div class=\"wpb-content-wrapper\"><div class=\"vc_row wpb_row vc_row-fluid\"><div class=\"wpb_column vc_column_container vc_col-sm-12\"><div class=\"vc_column-inner\"><div class=\"wpb_wrapper\">\n\t<div class=\"wpb_text_column wpb_content_element\" >\n\t\t<div class=\"wpb_wrapper\">\n\t\t\t<h3 class=\"tile-form\" style=\"text-align: center;\">Servis Destek Formu<\/h3>\n<div class=\"text\" style=\"text-align: center;\">Servis Deste\u011fi h\u0131zl\u0131 ve detayl\u0131 bilgi almak i\u00e7in l\u00fctfen a\u015fa\u011f\u0131daki formu doldurunuz.<\/div>\n\n\t\t<\/div>\n\t<\/div>\n<\/div><\/div><\/div><\/div><div class=\"vc_row wpb_row vc_row-fluid\"><div class=\"wpb_column vc_column_container vc_col-sm-12\"><div class=\"vc_column-inner\"><div class=\"wpb_wrapper\">\n<div class=\"wpcf7 no-js\" id=\"wpcf7-f169-o1\" lang=\"tr-TR\" dir=\"ltr\" data-wpcf7-id=\"169\">\n<div class=\"screen-reader-response\"><p role=\"status\" aria-live=\"polite\" aria-atomic=\"true\"><\/p> <ul><\/ul><\/div>\n<form action=\"\/en\/wp-json\/wp\/v2\/pages\/33#wpcf7-f169-o1\" method=\"post\" class=\"wpcf7-form init\" aria-label=\"\u0130leti\u015fim Formu\" novalidate=\"novalidate\" data-status=\"init\">\n<fieldset class=\"hidden-fields-container\"><input type=\"hidden\" name=\"_wpcf7\" value=\"169\" \/><input type=\"hidden\" name=\"_wpcf7_version\" value=\"6.1.5\" \/><input type=\"hidden\" name=\"_wpcf7_locale\" value=\"tr_TR\" \/><input type=\"hidden\" name=\"_wpcf7_unit_tag\" value=\"wpcf7-f169-o1\" \/><input type=\"hidden\" name=\"_wpcf7_container_post\" value=\"0\" \/><input type=\"hidden\" name=\"_wpcf7_posted_data_hash\" value=\"\" \/>\n<\/fieldset>\n<p><label> <b>\u0130sim Soyisim:<\/b> <span class=\"wpcf7-form-control-wrap\" data-name=\"isim-soyisim\"><input size=\"40\" maxlength=\"400\" class=\"wpcf7-form-control wpcf7-text wpcf7-validates-as-required\" aria-required=\"true\" aria-invalid=\"false\" value=\"\" type=\"text\" name=\"isim-soyisim\" \/><\/span> <\/label>\n<\/p>\n<p><label> <b>\u0130rtibat Tel No:<\/b> <span class=\"wpcf7-form-control-wrap\" data-name=\"telefon-numaras\"><input size=\"40\" maxlength=\"400\" class=\"wpcf7-form-control wpcf7-tel wpcf7-validates-as-required wpcf7-text wpcf7-validates-as-tel\" aria-required=\"true\" aria-invalid=\"false\" value=\"\" type=\"tel\" name=\"telefon-numaras\" \/><\/span> <\/label>\n<\/p>\n<p><label> <b>\u0130rtibat E-Posta:<\/b> <span class=\"wpcf7-form-control-wrap\" data-name=\"e-posta\"><input size=\"40\" maxlength=\"400\" class=\"wpcf7-form-control wpcf7-email wpcf7-validates-as-required wpcf7-text wpcf7-validates-as-email\" aria-required=\"true\" aria-invalid=\"false\" value=\"\" type=\"email\" name=\"e-posta\" \/><\/span> <\/label>\n<\/p>\n<p><label> <b>Firma Ad\u0131 (Opsiyonel):<\/b> <span class=\"wpcf7-form-control-wrap\" data-name=\"firma-adi\"><input size=\"40\" maxlength=\"400\" class=\"wpcf7-form-control wpcf7-text wpcf7-validates-as-required\" aria-required=\"true\" aria-invalid=\"false\" value=\"\" type=\"text\" name=\"firma-adi\" \/><\/span> <\/label>\n<\/p>\n<p><label> <b>\u00dcr\u00fcn Al\u0131m Tarihi:<\/b> <span class=\"wpcf7-form-control-wrap\" data-name=\"urun-alim-tarihi\"><input size=\"40\" maxlength=\"400\" class=\"wpcf7-form-control wpcf7-text wpcf7-validates-as-required\" aria-required=\"true\" aria-invalid=\"false\" value=\"\" type=\"text\" name=\"urun-alim-tarihi\" \/><\/span> <\/label>\n<\/p>\n<p><label> <b>\u00dcr\u00fcn Modeli:<\/b> [text* \u00dcr\u00fcn Modeli] <\/label>\n<\/p>\n<p><label> Bulundu\u011fu Adres<br \/>\n<span class=\"wpcf7-form-control-wrap\" data-name=\"bulunan-adres\"><textarea cols=\"40\" rows=\"10\" maxlength=\"2000\" class=\"wpcf7-form-control wpcf7-textarea wpcf7-validates-as-required\" aria-required=\"true\" aria-invalid=\"false\" name=\"bulunan-adres\"><\/textarea><\/span> <\/label>\n<\/p>\n<p><label> \u0130stenilen Servis Deste\u011fi<br \/>\n<span class=\"wpcf7-form-control-wrap\" data-name=\"istedigi-servis\"><textarea cols=\"40\" rows=\"10\" maxlength=\"2000\" class=\"wpcf7-form-control wpcf7-textarea wpcf7-validates-as-required\" aria-required=\"true\" aria-invalid=\"false\" name=\"istedigi-servis\"><\/textarea><\/span> <\/label>\n<\/p>\n<p><input class=\"wpcf7-form-control wpcf7-submit has-spinner\" type=\"submit\" value=\"G\u00f6nder\" \/>\n<\/p><div class=\"wpcf7-response-output\" aria-hidden=\"true\"><\/div>\n<\/form>\n<\/div>\n<\/div><\/div><\/div><\/div>\n<\/div>","protected":false},"excerpt":{"rendered":"Servis Destek Formu Servis Deste\u011fi h\u0131zl\u0131 ve detayl\u0131 bilgi almak i\u00e7in l\u00fctfen a\u015fa\u011f\u0131daki formu doldurunuz. \u0130sim Soyisim: \u0130rtibat Tel No:","protected":false},"author":1,"featured_media":0,"parent":0,"menu_order":0,"comment_status":"closed","ping_status":"closed","template":"","meta":{"footnotes":""},"class_list":["post-33","page","type-page","status-publish","hentry"],"_links":{"self":[{"href":"https:\/\/argunsan.com\/en\/wp-json\/wp\/v2\/pages\/33","targetHints":{"allow":["GET"]}}],"collection":[{"href":"https:\/\/argunsan.com\/en\/wp-json\/wp\/v2\/pages"}],"about":[{"href":"https:\/\/argunsan.com\/en\/wp-json\/wp\/v2\/types\/page"}],"author":[{"embeddable":true,"href":"https:\/\/argunsan.com\/en\/wp-json\/wp\/v2\/users\/1"}],"replies":[{"embeddable":true,"href":"https:\/\/argunsan.com\/en\/wp-json\/wp\/v2\/comments?post=33"}],"version-history":[{"count":5,"href":"https:\/\/argunsan.com\/en\/wp-json\/wp\/v2\/pages\/33\/revisions"}],"predecessor-version":[{"id":171,"href":"https:\/\/argunsan.com\/en\/wp-json\/wp\/v2\/pages\/33\/revisions\/171"}],"wp:attachment":[{"href":"https:\/\/argunsan.com\/en\/wp-json\/wp\/v2\/media?parent=33"}],"curies":[{"name":"wp","href":"https:\/\/api.w.org\/{rel}","templated":true}]}}