{"id":30,"date":"2024-01-06T14:46:06","date_gmt":"2024-01-06T14:46:06","guid":{"rendered":"https:\/\/argunsan.com\/?page_id=30"},"modified":"2024-01-06T16:20:29","modified_gmt":"2024-01-06T16:20:29","slug":"hakkimizda","status":"publish","type":"page","link":"https:\/\/argunsan.com\/en\/hakkimizda\/","title":{"rendered":"About Us"},"content":{"rendered":"<div class=\"wpb-content-wrapper\"><div data-vc-full-width=\"true\" data-vc-full-width-init=\"false\" data-vc-stretch-content=\"true\" class=\"vc_row wpb_row vc_row-fluid vc_custom_1704557889531 vc_row-no-padding wd-rs-65997d3ce9ecc wd-section-stretch-content-no-pd\"><div class=\"wpb_column vc_column_container vc_col-sm-12\"><div class=\"vc_column-inner\"><div class=\"wpb_wrapper\">\t\t<div class=\"promo-banner-wrapper  wd-rs-65997d4e82d30\">\n\t\t\t<div id=\"wd-65997d4e82d30\" class=\"promo-banner  banner- banner-hover-none color-scheme-light banner-btn-size-default banner-btn-style-default  wd-underline-colored\">\n\t\t\t\t<div class=\"main-wrapp-img\">\n\t\t\t\t\t<div class=\"banner-image wd-bg-position-center\" >\n\t\t\t\t\t\t<img loading=\"lazy\" decoding=\"async\" width=\"1903\" height=\"242\" src=\"https:\/\/argunsan.com\/wp-content\/uploads\/2024\/01\/hakkimizda-banner.webp\" class=\"attachment-full size-full\" alt=\"\" \/>\t\t\t\t\t<\/div>\n\t\t\t\t<\/div>\n\n\t\t\t\t<div class=\"wrapper-content-banner wd-fill  wd-items-top wd-justify-left\">\n\t\t\t\t\t<div class=\"content-banner  text-left\">\n\t\t\t\t\t\t\t\t\t\t\t\t\n\t\t\t\t\t\t\n\t\t\t\t\t\t\t\t\t\t\t<\/div>\n\t\t\t\t<\/div>\n\n\t\t\t\t\n\t\t\t\t\t\t\t<\/div>\n\t\t<\/div>\n\n\t\t<\/div><\/div><\/div><\/div><div class=\"vc_row-full-width vc_clearfix\"><\/div><div class=\"vc_row wpb_row vc_row-fluid vc_custom_1704558027530 wd-rs-65997dc8d598a\"><div class=\"wpb_column vc_column_container vc_col-sm-12\"><div class=\"vc_column-inner\"><div class=\"wpb_wrapper\">\n\t<div class=\"wpb_text_column wpb_content_element\" >\n\t\t<div class=\"wpb_wrapper\">\n\t\t\t<h3>About Us<\/h3>\n<p>In 1988, it started to produce furniture metal parts in an area of \u200b\u200b40 square meters. <strong>Arg\u00fcnsan Ltd. \u015eti.<\/strong>has grown continuously since then and reached its current level of success by expanding its machinery in 2000. Our company is equipped with state-of-the-art machines such as Salvagnini Punch and Bending Center, Durmazlar Fiber Laser, Trumpf Punch, CNC Abkants, Guillotine Shears and serves the agricultural machinery, industrial laser plasma dust collection machines, automobile and white goods sectors.<\/p>\n<p>Our company, which currently has a closed area of \u200b\u200b7000 square meters and an open area of \u200b\u200b3000 square meters, continues its activities with its expert technical team and staff. Adopting the concept of quality production <strong>Arg\u00fcnsan Ltd. \u015eti.<\/strong>has reached an assertive position in its sector today. We meet and exceed customer expectations by producing state-of-the-art products with our expert staff in our facility equipped with modern and high-tech machines.<\/p>\n<p><strong>Arg\u00fcnsan<\/strong>By prioritizing customer satisfaction, it aims to remain in a leading position in the constantly developing and changing sector. With its innovation, quality and customer-oriented approach <strong>Arg\u00fcnsan<\/strong> Ltd. \u015eti. continues to be a reliable business partner in the field of metal parts production.<\/p>\n\n\t\t<\/div>\n\t<\/div>\n<\/div><\/div><\/div><\/div><div class=\"vc_row wpb_row vc_row-fluid\"><div class=\"wpb_column vc_column_container vc_col-sm-6\"><div class=\"vc_column-inner\"><div class=\"wpb_wrapper\">\n\t<div class=\"wpb_text_column wpb_content_element\" >\n\t\t<div class=\"wpb_wrapper\">\n\t\t\t<h3>Our Mission:<\/h3>\n<p>Arg\u00fcnsan Ltd. \u015eti. aims to provide the highest quality products and services to customers, with the vision of becoming the industry leader in the field of metal parts production. Our mission is to be a pioneer in the industry by producing original and quality solutions, prioritizing customer satisfaction with our expert technical team in our modern facility equipped with state-of-the-art machines. Additionally, we aim to achieve sustainable growth and success by adapting to constantly evolving technology and customer expectations.<\/p>\n\n\t\t<\/div>\n\t<\/div>\n<\/div><\/div><\/div><div class=\"wpb_column vc_column_container vc_col-sm-6\"><div class=\"vc_column-inner\"><div class=\"wpb_wrapper\">\n\t<div class=\"wpb_text_column wpb_content_element\" >\n\t\t<div class=\"wpb_wrapper\">\n\t\t\t<h3>Our vision:<\/h3>\n<p>Arg\u00fcnsan maintains its strong position in the sector and has the vision of becoming a globally recognized and preferred brand. Our vision is to respond to customer demands in the best way by constantly expanding our product portfolio with innovative approaches and to maintain our presence in the sector as a leading metal parts manufacturer. In addition, we aim to be a company that adds value to society and the environment by adopting the principle of sustainability and producing with environmental awareness.<\/p>\n\n\t\t<\/div>\n\t<\/div>\n<\/div><\/div><\/div><\/div>\n<\/div>","protected":false},"excerpt":{"rendered":"Hakk\u0131m\u0131zda: 1988 y\u0131l\u0131nda, 40 metrekarelik bir alanda mobilya metal aksam \u00fcretimine ba\u015flayan Arg\u00fcnsan Ltd. \u015eti., o g\u00fcnden bug\u00fcne s\u00fcrekli b\u00fcy\u00fcyerek,","protected":false},"author":1,"featured_media":0,"parent":0,"menu_order":0,"comment_status":"closed","ping_status":"closed","template":"","meta":{"footnotes":""},"class_list":["post-30","page","type-page","status-publish","hentry"],"_links":{"self":[{"href":"https:\/\/argunsan.com\/en\/wp-json\/wp\/v2\/pages\/30","targetHints":{"allow":["GET"]}}],"collection":[{"href":"https:\/\/argunsan.com\/en\/wp-json\/wp\/v2\/pages"}],"about":[{"href":"https:\/\/argunsan.com\/en\/wp-json\/wp\/v2\/types\/page"}],"author":[{"embeddable":true,"href":"https:\/\/argunsan.com\/en\/wp-json\/wp\/v2\/users\/1"}],"replies":[{"embeddable":true,"href":"https:\/\/argunsan.com\/en\/wp-json\/wp\/v2\/comments?post=30"}],"version-history":[{"count":8,"href":"https:\/\/argunsan.com\/en\/wp-json\/wp\/v2\/pages\/30\/revisions"}],"predecessor-version":[{"id":105,"href":"https:\/\/argunsan.com\/en\/wp-json\/wp\/v2\/pages\/30\/revisions\/105"}],"wp:attachment":[{"href":"https:\/\/argunsan.com\/en\/wp-json\/wp\/v2\/media?parent=30"}],"curies":[{"name":"wp","href":"https:\/\/api.w.org\/{rel}","templated":true}]}}